{"id":80,"date":"2014-06-02T01:25:08","date_gmt":"2014-06-01T22:25:08","guid":{"rendered":"http:\/\/annemarihietakangas.fi\/wp\/?page_id=80"},"modified":"2014-10-20T14:55:13","modified_gmt":"2014-10-20T11:55:13","slug":"etusivu","status":"publish","type":"page","link":"http:\/\/annemarihietakangas.fi\/wp\/","title":{"rendered":"Etusivu"},"content":{"rendered":"<p><a href=\"https:\/\/www.facebook.com\/madeintyrvaa\"><img loading=\"lazy\" class=\"aligncenter size-large wp-image-95\" src=\"http:\/\/annemarihietakangas.fi\/wp\/wp-content\/uploads\/2014\/06\/messuosasto-1024x576.jpg\" alt=\"Messuosasto\" width=\"604\" height=\"339\" srcset=\"http:\/\/annemarihietakangas.fi\/wp\/wp-content\/uploads\/2014\/06\/messuosasto-1024x576.jpg 1024w, http:\/\/annemarihietakangas.fi\/wp\/wp-content\/uploads\/2014\/06\/messuosasto-300x168.jpg 300w\" sizes=\"(max-width: 604px) 100vw, 604px\" \/><\/a><\/p>\n<p>Hieno messuviikonloppu takana! Kiitos kaikille Made in Tyrv\u00e4\u00e4 -korun\u00e4yttelyss\u00e4 I love me -messuilla k\u00e4vij\u00f6ille! Oli mukava n\u00e4hd\u00e4 teit\u00e4!<\/p>\n<p>Anne-Mari<\/p>\n<p>&nbsp;<\/p>\n","protected":false},"excerpt":{"rendered":"<p>Hieno messuviikonloppu takana! Kiitos kaikille Made in Tyrv\u00e4\u00e4 -korun\u00e4yttelyss\u00e4 I love me -messuilla k\u00e4vij\u00f6ille! Oli mukava n\u00e4hd\u00e4 teit\u00e4! Anne-Mari &nbsp;<\/p>\n","protected":false},"author":2,"featured_media":0,"parent":0,"menu_order":0,"comment_status":"closed","ping_status":"open","template":"","meta":[],"_links":{"self":[{"href":"http:\/\/annemarihietakangas.fi\/wp\/index.php?rest_route=\/wp\/v2\/pages\/80"}],"collection":[{"href":"http:\/\/annemarihietakangas.fi\/wp\/index.php?rest_route=\/wp\/v2\/pages"}],"about":[{"href":"http:\/\/annemarihietakangas.fi\/wp\/index.php?rest_route=\/wp\/v2\/types\/page"}],"author":[{"embeddable":true,"href":"http:\/\/annemarihietakangas.fi\/wp\/index.php?rest_route=\/wp\/v2\/users\/2"}],"replies":[{"embeddable":true,"href":"http:\/\/annemarihietakangas.fi\/wp\/index.php?rest_route=%2Fwp%2Fv2%2Fcomments&post=80"}],"version-history":[{"count":6,"href":"http:\/\/annemarihietakangas.fi\/wp\/index.php?rest_route=\/wp\/v2\/pages\/80\/revisions"}],"predecessor-version":[{"id":96,"href":"http:\/\/annemarihietakangas.fi\/wp\/index.php?rest_route=\/wp\/v2\/pages\/80\/revisions\/96"}],"wp:attachment":[{"href":"http:\/\/annemarihietakangas.fi\/wp\/index.php?rest_route=%2Fwp%2Fv2%2Fmedia&parent=80"}],"curies":[{"name":"wp","href":"https:\/\/api.w.org\/{rel}","templated":true}]}}